{"id":1279,"date":"2019-05-08T18:34:53","date_gmt":"2019-05-08T18:34:53","guid":{"rendered":"http:\/\/emur.org.uy\/wp\/?page_id=1279"},"modified":"2020-05-22T19:29:51","modified_gmt":"2020-05-22T19:29:51","slug":"que-es-la-esclerosis-multiple","status":"publish","type":"page","link":"https:\/\/emur.org.uy\/wp\/que-es-la-esclerosis-multiple\/","title":{"rendered":"\u00bfQu\u00e9 es la Esclerosis M\u00faltiple?"},"content":{"rendered":"<p><a href=\"http:\/\/emur.org.uy\/wp\/wp-content\/uploads\/2019\/05\/Fotolia_53973161_XS_mod.jpg\"><img decoding=\"async\" loading=\"lazy\" class=\" wp-image-1280 aligncenter\" src=\"http:\/\/emur.org.uy\/wp\/wp-content\/uploads\/2019\/05\/Fotolia_53973161_XS_mod-300x130.jpg\" alt=\"\" width=\"443\" height=\"192\" srcset=\"https:\/\/emur.org.uy\/wp\/wp-content\/uploads\/2019\/05\/Fotolia_53973161_XS_mod-300x130.jpg 300w, https:\/\/emur.org.uy\/wp\/wp-content\/uploads\/2019\/05\/Fotolia_53973161_XS_mod.jpg 527w\" sizes=\"(max-width: 443px) 100vw, 443px\" \/><\/a><\/p>\n<p><span class=\"goog-text-highlight\">La esclerosis m\u00faltiple (EM) es una de las enfermedades m\u00e1s comunes del sistema nervioso central (cerebro y m\u00e9dula espinal).\u00a0<\/span><span class=\"\">Hoy en d\u00eda m\u00e1s de 2.300.000 personas en todo el mundo tienen EM.<\/span><\/p>\n<p>La EM es una condici\u00f3n inflamatoria desmielinizante. Esto significa que es causada por da\u00f1o a la mielina &#8211; un material graso que a\u00edsla los nervios, actuando tanto como la cubierta de un cable el\u00e9ctrico. La mielina permite un nervio para transmitir sus impulsos r\u00e1pidamente. Es la velocidad y eficiencia con que se llevan a cabo estos impulsos que permite movimientos suaves, r\u00e1pidos y coordinados que se deben realizar con poco esfuerzo consciente.<\/p>\n<p>En la EM, la p\u00e9rdida de la mielina (desmielinizaci\u00f3n) es acompa\u00f1ada por una interrupci\u00f3n en la capacidad de los nervios para conducir impulsos el\u00e9ctricos desde y hacia el cerebro.\u00a0Esto produce los diversos s\u00edntomas de la EM.\u00a0Los sitios donde la mielina se pierde (placas o lesiones) aparecen como zonas endurecidas (SCAR): en la esclerosis m\u00faltiple estas cicatrices aparecen en diferentes momentos y en diferentes \u00e1reas del cerebro y la m\u00e9dula espinal.\u00a0El t\u00e9rmino esclerosis m\u00faltiple significa \u00abmuchas cicatrices.<\/p>\n<p>Los s\u00edntomas de la EM var\u00edan ampliamente e incluyen visi\u00f3n borrosa, debilidad en las extremidades, sensaci\u00f3n de hormigueo, inestabilidad y fatiga. Para algunas personas, la EM se caracteriza por per\u00edodos de reca\u00edda y remisi\u00f3n, mientras que, para otros, tiene un patr\u00f3n progresivo.<\/p>\n<p>\u00a0<\/p>\n\n\n<p><\/p>\n","protected":false},"excerpt":{"rendered":"<p>La esclerosis m\u00faltiple (EM) es una de las enfermedades m\u00e1s comunes del sistema nervioso central<\/p>\n","protected":false},"author":1,"featured_media":0,"parent":0,"menu_order":0,"comment_status":"closed","ping_status":"closed","template":"","meta":{"_mi_skip_tracking":false},"_links":{"self":[{"href":"https:\/\/emur.org.uy\/wp\/wp-json\/wp\/v2\/pages\/1279"}],"collection":[{"href":"https:\/\/emur.org.uy\/wp\/wp-json\/wp\/v2\/pages"}],"about":[{"href":"https:\/\/emur.org.uy\/wp\/wp-json\/wp\/v2\/types\/page"}],"author":[{"embeddable":true,"href":"https:\/\/emur.org.uy\/wp\/wp-json\/wp\/v2\/users\/1"}],"replies":[{"embeddable":true,"href":"https:\/\/emur.org.uy\/wp\/wp-json\/wp\/v2\/comments?post=1279"}],"version-history":[{"count":4,"href":"https:\/\/emur.org.uy\/wp\/wp-json\/wp\/v2\/pages\/1279\/revisions"}],"predecessor-version":[{"id":1447,"href":"https:\/\/emur.org.uy\/wp\/wp-json\/wp\/v2\/pages\/1279\/revisions\/1447"}],"wp:attachment":[{"href":"https:\/\/emur.org.uy\/wp\/wp-json\/wp\/v2\/media?parent=1279"}],"curies":[{"name":"wp","href":"https:\/\/api.w.org\/{rel}","templated":true}]}}